{"id":2000,"date":"2026-04-08T12:53:14","date_gmt":"2026-04-08T12:53:14","guid":{"rendered":"https:\/\/uid-eg.com\/panneaux-solaires-stations-energetiques\/"},"modified":"2026-04-08T13:36:48","modified_gmt":"2026-04-08T13:36:48","slug":"panneaux-solaires-stations-energetiques","status":"publish","type":"page","link":"https:\/\/uid-eg.com\/fr\/panneaux-solaires-stations-energetiques\/","title":{"rendered":"Panneaux Solaires &amp; Stations \u00c9nerg\u00e9tiques"},"content":{"rendered":"\t\t<div data-elementor-type=\"wp-page\" data-elementor-id=\"2000\" class=\"elementor elementor-2000 elementor-1962\" data-elementor-post-type=\"page\">\n\t\t\t\t<div class=\"elementor-element elementor-element-cc7c4ad e-flex e-con-boxed e-con e-parent\" data-id=\"cc7c4ad\" data-element_type=\"container\" data-e-type=\"container\" data-settings=\"{&quot;background_background&quot;:&quot;classic&quot;}\">\n\t\t\t\t\t<div class=\"e-con-inner\">\n\t\t<div class=\"elementor-element elementor-element-3b7598c e-con-full e-flex e-con e-child\" data-id=\"3b7598c\" data-element_type=\"container\" data-e-type=\"container\">\n\t\t\t\t<div class=\"elementor-element elementor-element-75b149d elementor-widget elementor-widget-heading\" data-id=\"75b149d\" data-element_type=\"widget\" data-e-type=\"widget\" data-widget_type=\"heading.default\">\n\t\t\t\t<div class=\"elementor-widget-container\">\n\t\t\t\t\t<h1 class=\"elementor-heading-title elementor-size-default\">Panneaux Solaires &amp; Stations \u00c9nerg\u00e9tiques<\/h1>\t\t\t\t<\/div>\n\t\t\t\t<\/div>\n\t\t\t\t<\/div>\n\t\t\t\t\t<\/div>\n\t\t\t\t<\/div>\n\t\t<div class=\"elementor-element elementor-element-87735ea e-con-full e-flex e-con e-parent\" data-id=\"87735ea\" data-element_type=\"container\" data-e-type=\"container\" data-settings=\"{&quot;background_background&quot;:&quot;classic&quot;}\">\n\t\t<div class=\"elementor-element elementor-element-6759cee e-con-full e-flex e-con e-child\" data-id=\"6759cee\" data-element_type=\"container\" data-e-type=\"container\" data-settings=\"{&quot;background_background&quot;:&quot;classic&quot;}\">\n\t\t\t\t<div class=\"elementor-element elementor-element-d8d930a elementor-widget elementor-widget-text-editor\" data-id=\"d8d930a\" data-element_type=\"widget\" data-e-type=\"widget\" data-widget_type=\"text-editor.default\">\n\t\t\t\t<div class=\"elementor-widget-container\">\n\t\t\t\t\t\t\t\t\t<p data-start=\"1622\" data-end=\"1927\">Nous proposons des solutions avanc\u00e9es d\u2019\u00e9nergie solaire, incluant des panneaux solaires \u00e0 haute efficacit\u00e9 ainsi que des syst\u00e8mes \u00e9nerg\u00e9tiques int\u00e9gr\u00e9s con\u00e7us pour fournir une \u00e9nergie fiable, durable et rentable. Nos solutions sont d\u00e9velopp\u00e9es pour r\u00e9pondre \u00e0 la demande croissante en \u00e9nergie propre dans les secteurs r\u00e9sidentiels, commerciaux et industriels. <\/p><p data-start=\"1929\" data-end=\"2260\">Nos panneaux solaires sont fabriqu\u00e9s et s\u00e9lectionn\u00e9s selon les normes internationales les plus \u00e9lev\u00e9es, garantissant une efficacit\u00e9 maximale de conversion \u00e9nerg\u00e9tique, une longue dur\u00e9e de vie et une forte r\u00e9sistance aux diff\u00e9rentes conditions environnementales. Nous nous concentrons sur la fourniture de syst\u00e8mes offrant des performances constantes dans des conditions difficiles, tout en maintenant un rendement optimal. <\/p><p data-start=\"2262\" data-end=\"2562\">Nous proposons des syst\u00e8mes d\u2019\u00e9nergie solaire complets, adapt\u00e9s aux exigences sp\u00e9cifiques de chaque projet. Cela inclut la conception du syst\u00e8me, l\u2019analyse des charges, la fourniture des \u00e9quipements, l\u2019installation et la mise en service. Nos solutions sont con\u00e7ues pour offrir une efficacit\u00e9 maximale et une int\u00e9gration harmonieuse avec les syst\u00e8mes \u00e9lectriques existants.  <\/p><p data-start=\"2564\" data-end=\"2853\">Nos centrales solaires sont con\u00e7ues pour r\u00e9duire les co\u00fbts \u00e9nerg\u00e9tiques, am\u00e9liorer la durabilit\u00e9 et offrir une ind\u00e9pendance \u00e9nerg\u00e9tique \u00e0 long terme. Que ce soit pour des applications \u00e0 petite \u00e9chelle ou pour de grands projets industriels, nous proposons des solutions \u00e9volutives garantissant des performances fiables et un retour sur investissement rapide. <\/p><p data-start=\"2855\" data-end=\"3079\">Avec un fort engagement envers l\u2019innovation et la qualit\u00e9, nous visons \u00e0 fournir des solutions \u00e9nerg\u00e9tiques combinant technologie avanc\u00e9e, durabilit\u00e9 et efficacit\u00e9, aidant nos clients \u00e0 \u00e9voluer vers un avenir plus propre et plus durable.<\/p>\t\t\t\t\t\t\t\t<\/div>\n\t\t\t\t<\/div>\n\t\t\t\t<\/div>\n\t\t\t\t<\/div>\n\t\t<div class=\"elementor-element elementor-element-83cc564 e-flex e-con-boxed e-con e-parent\" data-id=\"83cc564\" data-element_type=\"container\" data-e-type=\"container\" data-settings=\"{&quot;background_background&quot;:&quot;classic&quot;}\">\n\t\t\t\t\t<div class=\"e-con-inner\">\n\t\t<div class=\"elementor-element elementor-element-3394346 e-con-full e-flex e-con e-child\" data-id=\"3394346\" data-element_type=\"container\" data-e-type=\"container\" data-settings=\"{&quot;background_background&quot;:&quot;classic&quot;}\">\n\t\t\t\t<div class=\"elementor-element elementor-element-9ea8482 elementor-arrows-position-outside elementor-pagination-position-outside elementor-widget elementor-widget-image-carousel\" data-id=\"9ea8482\" data-element_type=\"widget\" data-e-type=\"widget\" data-settings=\"{&quot;slides_to_show&quot;:&quot;1&quot;,&quot;autoplay_speed&quot;:500,&quot;speed&quot;:600,&quot;navigation&quot;:&quot;both&quot;,&quot;autoplay&quot;:&quot;yes&quot;,&quot;infinite&quot;:&quot;yes&quot;,&quot;effect&quot;:&quot;slide&quot;}\" data-widget_type=\"image-carousel.default\">\n\t\t\t\t<div class=\"elementor-widget-container\">\n\t\t\t\t\t\t\t<div class=\"elementor-image-carousel-wrapper swiper\" role=\"region\" aria-roledescription=\"carousel\" aria-label=\"Image Carousel\" dir=\"rtl\">\n\t\t\t<div class=\"elementor-image-carousel swiper-wrapper swiper-image-stretch\" aria-live=\"off\">\n\t\t\t\t\t\t\t\t<div class=\"swiper-slide\" role=\"group\" aria-roledescription=\"slide\" aria-label=\"1 sur 5\"><a data-elementor-open-lightbox=\"yes\" data-elementor-lightbox-slideshow=\"9ea8482\" data-elementor-lightbox-title=\"14\" data-e-action-hash=\"#elementor-action%3Aaction%3Dlightbox%26settings%3DeyJpZCI6MTk5NSwidXJsIjoiaHR0cHM6XC9cL3VpZC1lZy5jb21cL3dwLWNvbnRlbnRcL3VwbG9hZHNcLzIwMjZcLzA0XC8xNC1zY2FsZWQuanBnIiwic2xpZGVzaG93IjoiOWVhODQ4MiJ9\" href=\"https:\/\/uid-eg.com\/wp-content\/uploads\/2026\/04\/14-scaled.jpg\"><figure class=\"swiper-slide-inner\"><img decoding=\"async\" class=\"swiper-slide-image\" src=\"https:\/\/uid-eg.com\/wp-content\/uploads\/2026\/04\/14-scaled.jpg\" alt=\"14\" \/><\/figure><\/a><\/div><div class=\"swiper-slide\" role=\"group\" aria-roledescription=\"slide\" aria-label=\"2 sur 5\"><a data-elementor-open-lightbox=\"yes\" data-elementor-lightbox-slideshow=\"9ea8482\" data-elementor-lightbox-title=\"13\" data-e-action-hash=\"#elementor-action%3Aaction%3Dlightbox%26settings%3DeyJpZCI6MTk5NiwidXJsIjoiaHR0cHM6XC9cL3VpZC1lZy5jb21cL3dwLWNvbnRlbnRcL3VwbG9hZHNcLzIwMjZcLzA0XC8xMy1zY2FsZWQuanBnIiwic2xpZGVzaG93IjoiOWVhODQ4MiJ9\" href=\"https:\/\/uid-eg.com\/wp-content\/uploads\/2026\/04\/13-scaled.jpg\"><figure class=\"swiper-slide-inner\"><img decoding=\"async\" class=\"swiper-slide-image\" src=\"https:\/\/uid-eg.com\/wp-content\/uploads\/2026\/04\/13-scaled.jpg\" alt=\"13\" \/><\/figure><\/a><\/div><div class=\"swiper-slide\" role=\"group\" aria-roledescription=\"slide\" aria-label=\"3 sur 5\"><a data-elementor-open-lightbox=\"yes\" data-elementor-lightbox-slideshow=\"9ea8482\" data-elementor-lightbox-title=\"12\" data-e-action-hash=\"#elementor-action%3Aaction%3Dlightbox%26settings%3DeyJpZCI6MTk5NywidXJsIjoiaHR0cHM6XC9cL3VpZC1lZy5jb21cL3dwLWNvbnRlbnRcL3VwbG9hZHNcLzIwMjZcLzA0XC8xMi1zY2FsZWQuanBnIiwic2xpZGVzaG93IjoiOWVhODQ4MiJ9\" href=\"https:\/\/uid-eg.com\/wp-content\/uploads\/2026\/04\/12-scaled.jpg\"><figure class=\"swiper-slide-inner\"><img decoding=\"async\" class=\"swiper-slide-image\" src=\"https:\/\/uid-eg.com\/wp-content\/uploads\/2026\/04\/12-scaled.jpg\" alt=\"12\" \/><\/figure><\/a><\/div><div class=\"swiper-slide\" role=\"group\" aria-roledescription=\"slide\" aria-label=\"4 sur 5\"><a data-elementor-open-lightbox=\"yes\" data-elementor-lightbox-slideshow=\"9ea8482\" data-elementor-lightbox-title=\"11\" data-e-action-hash=\"#elementor-action%3Aaction%3Dlightbox%26settings%3DeyJpZCI6MTk5OCwidXJsIjoiaHR0cHM6XC9cL3VpZC1lZy5jb21cL3dwLWNvbnRlbnRcL3VwbG9hZHNcLzIwMjZcLzA0XC8xMS1zY2FsZWQuanBnIiwic2xpZGVzaG93IjoiOWVhODQ4MiJ9\" href=\"https:\/\/uid-eg.com\/wp-content\/uploads\/2026\/04\/11-scaled.jpg\"><figure class=\"swiper-slide-inner\"><img decoding=\"async\" class=\"swiper-slide-image\" src=\"https:\/\/uid-eg.com\/wp-content\/uploads\/2026\/04\/11-scaled.jpg\" alt=\"11\" \/><\/figure><\/a><\/div><div class=\"swiper-slide\" role=\"group\" aria-roledescription=\"slide\" aria-label=\"5 sur 5\"><a data-elementor-open-lightbox=\"yes\" data-elementor-lightbox-slideshow=\"9ea8482\" data-elementor-lightbox-title=\"15\" data-e-action-hash=\"#elementor-action%3Aaction%3Dlightbox%26settings%3DeyJpZCI6MTk5OSwidXJsIjoiaHR0cHM6XC9cL3VpZC1lZy5jb21cL3dwLWNvbnRlbnRcL3VwbG9hZHNcLzIwMjZcLzA0XC8xNS1zY2FsZWQuanBnIiwic2xpZGVzaG93IjoiOWVhODQ4MiJ9\" href=\"https:\/\/uid-eg.com\/wp-content\/uploads\/2026\/04\/15-scaled.jpg\"><figure class=\"swiper-slide-inner\"><img decoding=\"async\" class=\"swiper-slide-image\" src=\"https:\/\/uid-eg.com\/wp-content\/uploads\/2026\/04\/15-scaled.jpg\" alt=\"15\" \/><\/figure><\/a><\/div>\t\t\t<\/div>\n\t\t\t\t\t\t\t\t\t\t\t\t<div class=\"elementor-swiper-button elementor-swiper-button-prev\" role=\"button\" tabindex=\"0\">\n\t\t\t\t\t\t<i aria-hidden=\"true\" class=\"eicon-chevron-left\"><\/i>\t\t\t\t\t<\/div>\n\t\t\t\t\t<div class=\"elementor-swiper-button elementor-swiper-button-next\" role=\"button\" tabindex=\"0\">\n\t\t\t\t\t\t<i aria-hidden=\"true\" class=\"eicon-chevron-right\"><\/i>\t\t\t\t\t<\/div>\n\t\t\t\t\n\t\t\t\t\t\t\t\t\t<div class=\"swiper-pagination\"><\/div>\n\t\t\t\t\t\t\t\t\t<\/div>\n\t\t\t\t\t\t<\/div>\n\t\t\t\t<\/div>\n\t\t\t\t<\/div>\n\t\t\t\t\t<\/div>\n\t\t\t\t<\/div>\n\t\t\t\t<\/div>\n\t\t","protected":false},"excerpt":{"rendered":"<p>Panneaux Solaires &amp; Stations \u00c9nerg\u00e9tiques Nous proposons des solutions avanc\u00e9es d\u2019\u00e9nergie solaire, incluant des panneaux solaires \u00e0 haute efficacit\u00e9 ainsi que des syst\u00e8mes \u00e9nerg\u00e9tiques int\u00e9gr\u00e9s con\u00e7us pour fournir une \u00e9nergie fiable, durable et rentable. Nos solutions sont d\u00e9velopp\u00e9es pour r\u00e9pondre \u00e0 la demande croissante en \u00e9nergie propre dans les secteurs r\u00e9sidentiels, commerciaux et industriels. Nos [&hellip;]<\/p>\n","protected":false},"author":1,"featured_media":0,"parent":0,"menu_order":0,"comment_status":"closed","ping_status":"closed","template":"","meta":{"site-sidebar-layout":"no-sidebar","site-content-layout":"page-builder","ast-site-content-layout":"full-width-container","site-content-style":"default","site-sidebar-style":"default","ast-global-header-display":"","ast-banner-title-visibility":"","ast-main-header-display":"","ast-hfb-above-header-display":"","ast-hfb-below-header-display":"","ast-hfb-mobile-header-display":"","site-post-title":"disabled","ast-breadcrumbs-content":"","ast-featured-img":"disabled","footer-sml-layout":"","ast-disable-related-posts":"","theme-transparent-header-meta":"","adv-header-id-meta":"","stick-header-meta":"","header-above-stick-meta":"","header-main-stick-meta":"","header-below-stick-meta":"","astra-migrate-meta-layouts":"default","ast-page-background-enabled":"default","ast-page-background-meta":{"desktop":{"background-color":"","background-image":"","background-repeat":"repeat","background-position":"center center","background-size":"auto","background-attachment":"scroll","background-type":"","background-media":"","overlay-type":"","overlay-color":"","overlay-opacity":"","overlay-gradient":""},"tablet":{"background-color":"","background-image":"","background-repeat":"repeat","background-position":"center center","background-size":"auto","background-attachment":"scroll","background-type":"","background-media":"","overlay-type":"","overlay-color":"","overlay-opacity":"","overlay-gradient":""},"mobile":{"background-color":"","background-image":"","background-repeat":"repeat","background-position":"center center","background-size":"auto","background-attachment":"scroll","background-type":"","background-media":"","overlay-type":"","overlay-color":"","overlay-opacity":"","overlay-gradient":""}},"ast-content-background-meta":{"desktop":{"background-color":"var(--ast-global-color-5)","background-image":"","background-repeat":"repeat","background-position":"center center","background-size":"auto","background-attachment":"scroll","background-type":"","background-media":"","overlay-type":"","overlay-color":"","overlay-opacity":"","overlay-gradient":""},"tablet":{"background-color":"var(--ast-global-color-5)","background-image":"","background-repeat":"repeat","background-position":"center center","background-size":"auto","background-attachment":"scroll","background-type":"","background-media":"","overlay-type":"","overlay-color":"","overlay-opacity":"","overlay-gradient":""},"mobile":{"background-color":"var(--ast-global-color-5)","background-image":"","background-repeat":"repeat","background-position":"center center","background-size":"auto","background-attachment":"scroll","background-type":"","background-media":"","overlay-type":"","overlay-color":"","overlay-opacity":"","overlay-gradient":""}},"footnotes":""},"class_list":["post-2000","page","type-page","status-publish","hentry"],"aioseo_notices":[],"_links":{"self":[{"href":"https:\/\/uid-eg.com\/fr\/wp-json\/wp\/v2\/pages\/2000","targetHints":{"allow":["GET"]}}],"collection":[{"href":"https:\/\/uid-eg.com\/fr\/wp-json\/wp\/v2\/pages"}],"about":[{"href":"https:\/\/uid-eg.com\/fr\/wp-json\/wp\/v2\/types\/page"}],"author":[{"embeddable":true,"href":"https:\/\/uid-eg.com\/fr\/wp-json\/wp\/v2\/users\/1"}],"replies":[{"embeddable":true,"href":"https:\/\/uid-eg.com\/fr\/wp-json\/wp\/v2\/comments?post=2000"}],"version-history":[{"count":1,"href":"https:\/\/uid-eg.com\/fr\/wp-json\/wp\/v2\/pages\/2000\/revisions"}],"predecessor-version":[{"id":2001,"href":"https:\/\/uid-eg.com\/fr\/wp-json\/wp\/v2\/pages\/2000\/revisions\/2001"}],"wp:attachment":[{"href":"https:\/\/uid-eg.com\/fr\/wp-json\/wp\/v2\/media?parent=2000"}],"curies":[{"name":"wp","href":"https:\/\/api.w.org\/{rel}","templated":true}]}}