{"id":1890,"date":"2026-04-06T18:06:24","date_gmt":"2026-04-06T18:06:24","guid":{"rendered":"https:\/\/uid-eg.com\/upvc\/"},"modified":"2026-04-08T11:31:05","modified_gmt":"2026-04-08T11:31:05","slug":"upvc","status":"publish","type":"page","link":"https:\/\/uid-eg.com\/fr\/upvc\/","title":{"rendered":"UPVC"},"content":{"rendered":"\t\t<div data-elementor-type=\"wp-page\" data-elementor-id=\"1890\" class=\"elementor elementor-1890 elementor-1338\" data-elementor-post-type=\"page\">\n\t\t\t\t<div class=\"elementor-element elementor-element-123cccb e-flex e-con-boxed e-con e-parent\" data-id=\"123cccb\" data-element_type=\"container\" data-e-type=\"container\" data-settings=\"{&quot;background_background&quot;:&quot;classic&quot;}\">\n\t\t\t\t\t<div class=\"e-con-inner\">\n\t\t<div class=\"elementor-element elementor-element-25ad2b1 e-con-full e-flex e-con e-child\" data-id=\"25ad2b1\" data-element_type=\"container\" data-e-type=\"container\">\n\t\t\t\t<div class=\"elementor-element elementor-element-1cf053f elementor-widget elementor-widget-heading\" data-id=\"1cf053f\" data-element_type=\"widget\" data-e-type=\"widget\" data-widget_type=\"heading.default\">\n\t\t\t\t<div class=\"elementor-widget-container\">\n\t\t\t\t\t<h1 class=\"elementor-heading-title elementor-size-default\">UPVC<\/h1>\t\t\t\t<\/div>\n\t\t\t\t<\/div>\n\t\t\t\t<\/div>\n\t\t\t\t\t<\/div>\n\t\t\t\t<\/div>\n\t\t<div class=\"elementor-element elementor-element-e3f3e24 e-con-full e-flex e-con e-parent\" data-id=\"e3f3e24\" data-element_type=\"container\" data-e-type=\"container\" data-settings=\"{&quot;background_background&quot;:&quot;classic&quot;}\">\n\t\t<div class=\"elementor-element elementor-element-909cbea e-con-full e-flex e-con e-child\" data-id=\"909cbea\" data-element_type=\"container\" data-e-type=\"container\" data-settings=\"{&quot;background_background&quot;:&quot;classic&quot;}\">\n\t\t\t\t<div class=\"elementor-element elementor-element-d0da343 elementor-widget elementor-widget-text-editor\" data-id=\"d0da343\" data-element_type=\"widget\" data-e-type=\"widget\" data-widget_type=\"text-editor.default\">\n\t\t\t\t<div class=\"elementor-widget-container\">\n\t\t\t\t\t\t\t\t\t<p data-start=\"119\" data-end=\"488\">Nous sommes sp\u00e9cialis\u00e9s dans la fabrication de syst\u00e8mes UPVC de haute qualit\u00e9, offrant des solutions avanc\u00e9es qui r\u00e9pondent \u00e0 la demande croissante de mat\u00e9riaux de construction modernes et \u00e9co\u00e9nerg\u00e9tiques. Aujourd\u2019hui, le UPVC est devenu l\u2019un des mat\u00e9riaux les plus essentiels dans l\u2019industrie gr\u00e2ce \u00e0 ses excellentes propri\u00e9t\u00e9s d\u2019isolation, sa durabilit\u00e9 et son rapport co\u00fbt-efficacit\u00e9 par rapport aux syst\u00e8mes traditionnels en aluminium. <\/p><p data-start=\"490\" data-end=\"856\">Le UPVC offre une excellente isolation thermique et acoustique, ce qui en fait un choix id\u00e9al pour les applications r\u00e9sidentielles, commerciales et industrielles. En plus de sa forte r\u00e9sistance aux conditions climatiques, \u00e0 l\u2019humidit\u00e9 et \u00e0 la corrosion, il n\u00e9cessite un entretien minimal tout en conservant son apparence et ses performances au fil du temps, ce qui en fait un investissement plus intelligent et \u00e9conomique. <\/p><p data-start=\"858\" data-end=\"1163\">Dans notre usine, nous exploitons des lignes de production UPVC \u00e0 grande capacit\u00e9, \u00e9quip\u00e9es de technologies avanc\u00e9es afin de garantir pr\u00e9cision, r\u00e9gularit\u00e9 et production \u00e0 grande \u00e9chelle. Cela nous permet de fournir des produits de haute qualit\u00e9 conformes aux normes internationales, tout en maintenant des prix comp\u00e9titifs et des d\u00e9lais de production rapides. This allows us to deliver high-quality products that meet international standards while maintaining competitive pricing and fast production timelines.<\/p><p data-start=\"1165\" data-end=\"1384\">Avec un fort engagement envers la qualit\u00e9 et l\u2019innovation, nous nous engageons \u00e0 fournir des solutions UPVC alliant performance, accessibilit\u00e9 et design moderne, ce qui en fait l\u2019alternative privil\u00e9gi\u00e9e aux syst\u00e8mes en aluminium sur le march\u00e9 actuel.<\/p>\t\t\t\t\t\t\t\t<\/div>\n\t\t\t\t<\/div>\n\t\t\t\t<\/div>\n\t\t\t\t<\/div>\n\t\t<div class=\"elementor-element elementor-element-f3df60f e-flex e-con-boxed e-con e-parent\" data-id=\"f3df60f\" data-element_type=\"container\" data-e-type=\"container\" data-settings=\"{&quot;background_background&quot;:&quot;classic&quot;}\">\n\t\t\t\t\t<div class=\"e-con-inner\">\n\t\t<div class=\"elementor-element elementor-element-761ff73 e-con-full e-flex e-con e-child\" data-id=\"761ff73\" data-element_type=\"container\" data-e-type=\"container\" data-settings=\"{&quot;background_background&quot;:&quot;classic&quot;}\">\n\t\t\t\t<div class=\"elementor-element elementor-element-a66513c elementor-arrows-position-outside elementor-pagination-position-outside elementor-widget elementor-widget-image-carousel\" data-id=\"a66513c\" data-element_type=\"widget\" data-e-type=\"widget\" data-settings=\"{&quot;slides_to_show&quot;:&quot;1&quot;,&quot;autoplay_speed&quot;:500,&quot;speed&quot;:600,&quot;navigation&quot;:&quot;both&quot;,&quot;autoplay&quot;:&quot;yes&quot;,&quot;infinite&quot;:&quot;yes&quot;,&quot;effect&quot;:&quot;slide&quot;}\" data-widget_type=\"image-carousel.default\">\n\t\t\t\t<div class=\"elementor-widget-container\">\n\t\t\t\t\t\t\t<div class=\"elementor-image-carousel-wrapper swiper\" role=\"region\" aria-roledescription=\"carousel\" aria-label=\"Image Carousel\" dir=\"rtl\">\n\t\t\t<div class=\"elementor-image-carousel swiper-wrapper swiper-image-stretch\" aria-live=\"off\">\n\t\t\t\t\t\t\t\t<div class=\"swiper-slide\" role=\"group\" aria-roledescription=\"slide\" aria-label=\"1 sur 5\"><a data-elementor-open-lightbox=\"yes\" data-elementor-lightbox-slideshow=\"a66513c\" data-elementor-lightbox-title=\"1\" data-e-action-hash=\"#elementor-action%3Aaction%3Dlightbox%26settings%3DeyJpZCI6MTg4NywidXJsIjoiaHR0cHM6XC9cL3VpZC1lZy5jb21cL3dwLWNvbnRlbnRcL3VwbG9hZHNcLzIwMjZcLzA0XC8xLTEucG5nIiwic2xpZGVzaG93IjoiYTY2NTEzYyJ9\" href=\"https:\/\/uid-eg.com\/wp-content\/uploads\/2026\/04\/1-1.png\"><figure class=\"swiper-slide-inner\"><img decoding=\"async\" class=\"swiper-slide-image\" src=\"https:\/\/uid-eg.com\/wp-content\/uploads\/2026\/04\/1-1.png\" alt=\"1\" \/><\/figure><\/a><\/div><div class=\"swiper-slide\" role=\"group\" aria-roledescription=\"slide\" aria-label=\"2 sur 5\"><a data-elementor-open-lightbox=\"yes\" data-elementor-lightbox-slideshow=\"a66513c\" data-elementor-lightbox-title=\"2\" data-e-action-hash=\"#elementor-action%3Aaction%3Dlightbox%26settings%3DeyJpZCI6MTg4OCwidXJsIjoiaHR0cHM6XC9cL3VpZC1lZy5jb21cL3dwLWNvbnRlbnRcL3VwbG9hZHNcLzIwMjZcLzA0XC8yLTEucG5nIiwic2xpZGVzaG93IjoiYTY2NTEzYyJ9\" href=\"https:\/\/uid-eg.com\/wp-content\/uploads\/2026\/04\/2-1.png\"><figure class=\"swiper-slide-inner\"><img decoding=\"async\" class=\"swiper-slide-image\" src=\"https:\/\/uid-eg.com\/wp-content\/uploads\/2026\/04\/2-1.png\" alt=\"2\" \/><\/figure><\/a><\/div><div class=\"swiper-slide\" role=\"group\" aria-roledescription=\"slide\" aria-label=\"3 sur 5\"><a data-elementor-open-lightbox=\"yes\" data-elementor-lightbox-slideshow=\"a66513c\" data-elementor-lightbox-title=\"6\" data-e-action-hash=\"#elementor-action%3Aaction%3Dlightbox%26settings%3DeyJpZCI6MTc2NywidXJsIjoiaHR0cHM6XC9cL3VpZC1lZy5jb21cL3dwLWNvbnRlbnRcL3VwbG9hZHNcLzIwMjZcLzA0XC82LnBuZyIsInNsaWRlc2hvdyI6ImE2NjUxM2MifQ%3D%3D\" href=\"https:\/\/uid-eg.com\/wp-content\/uploads\/2026\/04\/6.png\"><figure class=\"swiper-slide-inner\"><img decoding=\"async\" class=\"swiper-slide-image\" src=\"https:\/\/uid-eg.com\/wp-content\/uploads\/2026\/04\/6.png\" alt=\"6\" \/><\/figure><\/a><\/div><div class=\"swiper-slide\" role=\"group\" aria-roledescription=\"slide\" aria-label=\"4 sur 5\"><a data-elementor-open-lightbox=\"yes\" data-elementor-lightbox-slideshow=\"a66513c\" data-elementor-lightbox-title=\"5\" data-e-action-hash=\"#elementor-action%3Aaction%3Dlightbox%26settings%3DeyJpZCI6MTg4OSwidXJsIjoiaHR0cHM6XC9cL3VpZC1lZy5jb21cL3dwLWNvbnRlbnRcL3VwbG9hZHNcLzIwMjZcLzA0XC81LTEuanBnIiwic2xpZGVzaG93IjoiYTY2NTEzYyJ9\" href=\"https:\/\/uid-eg.com\/wp-content\/uploads\/2026\/04\/5-1.jpg\"><figure class=\"swiper-slide-inner\"><img decoding=\"async\" class=\"swiper-slide-image\" src=\"https:\/\/uid-eg.com\/wp-content\/uploads\/2026\/04\/5-1.jpg\" alt=\"5\" \/><\/figure><\/a><\/div><div class=\"swiper-slide\" role=\"group\" aria-roledescription=\"slide\" aria-label=\"5 sur 5\"><a data-elementor-open-lightbox=\"yes\" data-elementor-lightbox-slideshow=\"a66513c\" data-elementor-lightbox-title=\"3\" data-e-action-hash=\"#elementor-action%3Aaction%3Dlightbox%26settings%3DeyJpZCI6MTgzMSwidXJsIjoiaHR0cHM6XC9cL3VpZC1lZy5jb21cL3dwLWNvbnRlbnRcL3VwbG9hZHNcLzIwMjZcLzA0XC8zLTEud2VicCIsInNsaWRlc2hvdyI6ImE2NjUxM2MifQ%3D%3D\" href=\"https:\/\/uid-eg.com\/wp-content\/uploads\/2026\/04\/3-1.webp\"><figure class=\"swiper-slide-inner\"><img decoding=\"async\" class=\"swiper-slide-image\" src=\"https:\/\/uid-eg.com\/wp-content\/uploads\/2026\/04\/3-1.webp\" alt=\"3\" \/><\/figure><\/a><\/div>\t\t\t<\/div>\n\t\t\t\t\t\t\t\t\t\t\t\t<div class=\"elementor-swiper-button elementor-swiper-button-prev\" role=\"button\" tabindex=\"0\">\n\t\t\t\t\t\t<i aria-hidden=\"true\" class=\"eicon-chevron-left\"><\/i>\t\t\t\t\t<\/div>\n\t\t\t\t\t<div class=\"elementor-swiper-button elementor-swiper-button-next\" role=\"button\" tabindex=\"0\">\n\t\t\t\t\t\t<i aria-hidden=\"true\" class=\"eicon-chevron-right\"><\/i>\t\t\t\t\t<\/div>\n\t\t\t\t\n\t\t\t\t\t\t\t\t\t<div class=\"swiper-pagination\"><\/div>\n\t\t\t\t\t\t\t\t\t<\/div>\n\t\t\t\t\t\t<\/div>\n\t\t\t\t<\/div>\n\t\t\t\t<\/div>\n\t\t\t\t\t<\/div>\n\t\t\t\t<\/div>\n\t\t\t\t<\/div>\n\t\t","protected":false},"excerpt":{"rendered":"<p>UPVC Nous sommes sp\u00e9cialis\u00e9s dans la fabrication de syst\u00e8mes UPVC de haute qualit\u00e9, offrant des solutions avanc\u00e9es qui r\u00e9pondent \u00e0 la demande croissante de mat\u00e9riaux de construction modernes et \u00e9co\u00e9nerg\u00e9tiques. Aujourd\u2019hui, le UPVC est devenu l\u2019un des mat\u00e9riaux les plus essentiels dans l\u2019industrie gr\u00e2ce \u00e0 ses excellentes propri\u00e9t\u00e9s d\u2019isolation, sa durabilit\u00e9 et son rapport co\u00fbt-efficacit\u00e9 [&hellip;]<\/p>\n","protected":false},"author":1,"featured_media":0,"parent":0,"menu_order":0,"comment_status":"closed","ping_status":"closed","template":"","meta":{"site-sidebar-layout":"no-sidebar","site-content-layout":"page-builder","ast-site-content-layout":"full-width-container","site-content-style":"default","site-sidebar-style":"default","ast-global-header-display":"","ast-banner-title-visibility":"","ast-main-header-display":"","ast-hfb-above-header-display":"","ast-hfb-below-header-display":"","ast-hfb-mobile-header-display":"","site-post-title":"disabled","ast-breadcrumbs-content":"","ast-featured-img":"disabled","footer-sml-layout":"","ast-disable-related-posts":"","theme-transparent-header-meta":"","adv-header-id-meta":"","stick-header-meta":"","header-above-stick-meta":"","header-main-stick-meta":"","header-below-stick-meta":"","astra-migrate-meta-layouts":"default","ast-page-background-enabled":"default","ast-page-background-meta":{"desktop":{"background-color":"","background-image":"","background-repeat":"repeat","background-position":"center center","background-size":"auto","background-attachment":"scroll","background-type":"","background-media":"","overlay-type":"","overlay-color":"","overlay-opacity":"","overlay-gradient":""},"tablet":{"background-color":"","background-image":"","background-repeat":"repeat","background-position":"center center","background-size":"auto","background-attachment":"scroll","background-type":"","background-media":"","overlay-type":"","overlay-color":"","overlay-opacity":"","overlay-gradient":""},"mobile":{"background-color":"","background-image":"","background-repeat":"repeat","background-position":"center center","background-size":"auto","background-attachment":"scroll","background-type":"","background-media":"","overlay-type":"","overlay-color":"","overlay-opacity":"","overlay-gradient":""}},"ast-content-background-meta":{"desktop":{"background-color":"var(--ast-global-color-5)","background-image":"","background-repeat":"repeat","background-position":"center center","background-size":"auto","background-attachment":"scroll","background-type":"","background-media":"","overlay-type":"","overlay-color":"","overlay-opacity":"","overlay-gradient":""},"tablet":{"background-color":"var(--ast-global-color-5)","background-image":"","background-repeat":"repeat","background-position":"center center","background-size":"auto","background-attachment":"scroll","background-type":"","background-media":"","overlay-type":"","overlay-color":"","overlay-opacity":"","overlay-gradient":""},"mobile":{"background-color":"var(--ast-global-color-5)","background-image":"","background-repeat":"repeat","background-position":"center center","background-size":"auto","background-attachment":"scroll","background-type":"","background-media":"","overlay-type":"","overlay-color":"","overlay-opacity":"","overlay-gradient":""}},"footnotes":""},"class_list":["post-1890","page","type-page","status-publish","hentry"],"aioseo_notices":[],"_links":{"self":[{"href":"https:\/\/uid-eg.com\/fr\/wp-json\/wp\/v2\/pages\/1890","targetHints":{"allow":["GET"]}}],"collection":[{"href":"https:\/\/uid-eg.com\/fr\/wp-json\/wp\/v2\/pages"}],"about":[{"href":"https:\/\/uid-eg.com\/fr\/wp-json\/wp\/v2\/types\/page"}],"author":[{"embeddable":true,"href":"https:\/\/uid-eg.com\/fr\/wp-json\/wp\/v2\/users\/1"}],"replies":[{"embeddable":true,"href":"https:\/\/uid-eg.com\/fr\/wp-json\/wp\/v2\/comments?post=1890"}],"version-history":[{"count":1,"href":"https:\/\/uid-eg.com\/fr\/wp-json\/wp\/v2\/pages\/1890\/revisions"}],"predecessor-version":[{"id":1891,"href":"https:\/\/uid-eg.com\/fr\/wp-json\/wp\/v2\/pages\/1890\/revisions\/1891"}],"wp:attachment":[{"href":"https:\/\/uid-eg.com\/fr\/wp-json\/wp\/v2\/media?parent=1890"}],"curies":[{"name":"wp","href":"https:\/\/api.w.org\/{rel}","templated":true}]}}