{"id":1876,"date":"2026-04-06T17:48:38","date_gmt":"2026-04-06T17:48:38","guid":{"rendered":"https:\/\/uid-eg.com\/cuisines\/"},"modified":"2026-04-08T11:20:19","modified_gmt":"2026-04-08T11:20:19","slug":"cuisines","status":"publish","type":"page","link":"https:\/\/uid-eg.com\/fr\/cuisines\/","title":{"rendered":"Cuisines"},"content":{"rendered":"\t\t<div data-elementor-type=\"wp-page\" data-elementor-id=\"1876\" class=\"elementor elementor-1876 elementor-1331\" data-elementor-post-type=\"page\">\n\t\t\t\t<div class=\"elementor-element elementor-element-61393b7 e-flex e-con-boxed e-con e-parent\" data-id=\"61393b7\" data-element_type=\"container\" data-e-type=\"container\" data-settings=\"{&quot;background_background&quot;:&quot;classic&quot;}\">\n\t\t\t\t\t<div class=\"e-con-inner\">\n\t\t<div class=\"elementor-element elementor-element-9ee6484 e-con-full e-flex e-con e-child\" data-id=\"9ee6484\" data-element_type=\"container\" data-e-type=\"container\">\n\t\t\t\t<div class=\"elementor-element elementor-element-ece2ff1 elementor-widget elementor-widget-heading\" data-id=\"ece2ff1\" data-element_type=\"widget\" data-e-type=\"widget\" data-widget_type=\"heading.default\">\n\t\t\t\t<div class=\"elementor-widget-container\">\n\t\t\t\t\t<h1 class=\"elementor-heading-title elementor-size-default\">Cuisines<\/h1>\t\t\t\t<\/div>\n\t\t\t\t<\/div>\n\t\t\t\t<\/div>\n\t\t\t\t\t<\/div>\n\t\t\t\t<\/div>\n\t\t<div class=\"elementor-element elementor-element-f86a8e0 e-con-full e-flex e-con e-parent\" data-id=\"f86a8e0\" data-element_type=\"container\" data-e-type=\"container\" data-settings=\"{&quot;background_background&quot;:&quot;classic&quot;}\">\n\t\t<div class=\"elementor-element elementor-element-0724c25 e-con-full e-flex e-con e-child\" data-id=\"0724c25\" data-element_type=\"container\" data-e-type=\"container\" data-settings=\"{&quot;background_background&quot;:&quot;classic&quot;}\">\n\t\t\t\t<div class=\"elementor-element elementor-element-8204151 elementor-widget elementor-widget-text-editor\" data-id=\"8204151\" data-element_type=\"widget\" data-e-type=\"widget\" data-widget_type=\"text-editor.default\">\n\t\t\t\t<div class=\"elementor-widget-container\">\n\t\t\t\t\t\t\t\t\t<p data-start=\"98\" data-end=\"431\">Nous sommes sp\u00e9cialis\u00e9s dans la conception et la fabrication de cuisines modernes alliant \u00e9l\u00e9gance, fonctionnalit\u00e9 et optimisation intelligente de l\u2019espace. Nos cuisines sont con\u00e7ues avec soin afin d\u2019offrir un \u00e9quilibre parfait entre l\u2019esth\u00e9tique et la performance pratique, cr\u00e9ant des espaces \u00e0 la fois visuellement attrayants et hautement efficaces pour un usage quotidien. <\/p><p data-start=\"433\" data-end=\"748\">Toutes nos cuisines sont fabriqu\u00e9es \u00e0 partir de mat\u00e9riaux de haute qualit\u00e9 et selon des techniques de production avanc\u00e9es, garantissant durabilit\u00e9, qualit\u00e9 \u00e0 long terme et r\u00e9sistance \u00e0 l\u2019usure quotidienne. Des finitions haut de gamme aux d\u00e9tails pr\u00e9cis, chaque \u00e9l\u00e9ment est con\u00e7u pour refl\u00e9ter les normes modernes et r\u00e9pondre aux attentes de la vie contemporaine. <\/p><p data-start=\"750\" data-end=\"1053\">Nous proposons des solutions de cuisines enti\u00e8rement personnalis\u00e9es, adapt\u00e9es aux besoins et aux pr\u00e9f\u00e9rences de chaque client. De la planification de l\u2019agencement et le choix des mat\u00e9riaux jusqu\u2019aux couleurs, aux syst\u00e8mes de rangement et aux finitions, chaque projet est con\u00e7u de mani\u00e8re unique afin de maximiser l\u2019espace, le confort et l\u2019ergonomie, tout en conservant une apparence moderne et sophistiqu\u00e9e. <\/p><p data-start=\"1055\" data-end=\"1331\">Avec un fort engagement envers l\u2019innovation et la qualit\u00e9, nous proposons des cuisines \u00e0 la fois \u00e9l\u00e9gantes, pratiques et con\u00e7ues pour durer. Notre objectif est de cr\u00e9er des environnements de cuisine modernes qui am\u00e9liorent le mode de vie, optimisent l\u2019organisation et offrent une exp\u00e9rience haut de gamme dans les moindres d\u00e9tails. <\/p>\t\t\t\t\t\t\t\t<\/div>\n\t\t\t\t<\/div>\n\t\t\t\t<\/div>\n\t\t\t\t<\/div>\n\t\t<div class=\"elementor-element elementor-element-5051833 e-flex e-con-boxed e-con e-parent\" data-id=\"5051833\" data-element_type=\"container\" data-e-type=\"container\" data-settings=\"{&quot;background_background&quot;:&quot;classic&quot;}\">\n\t\t\t\t\t<div class=\"e-con-inner\">\n\t\t<div class=\"elementor-element elementor-element-b9d9bf8 e-con-full e-flex e-con e-child\" data-id=\"b9d9bf8\" data-element_type=\"container\" data-e-type=\"container\" data-settings=\"{&quot;background_background&quot;:&quot;classic&quot;}\">\n\t\t\t\t<div class=\"elementor-element elementor-element-e1fc21d elementor-arrows-position-outside elementor-pagination-position-outside elementor-widget elementor-widget-image-carousel\" data-id=\"e1fc21d\" data-element_type=\"widget\" data-e-type=\"widget\" data-settings=\"{&quot;slides_to_show&quot;:&quot;1&quot;,&quot;autoplay_speed&quot;:500,&quot;speed&quot;:600,&quot;navigation&quot;:&quot;both&quot;,&quot;autoplay&quot;:&quot;yes&quot;,&quot;infinite&quot;:&quot;yes&quot;,&quot;effect&quot;:&quot;slide&quot;}\" data-widget_type=\"image-carousel.default\">\n\t\t\t\t<div class=\"elementor-widget-container\">\n\t\t\t\t\t\t\t<div class=\"elementor-image-carousel-wrapper swiper\" role=\"region\" aria-roledescription=\"carousel\" aria-label=\"Image Carousel\" dir=\"rtl\">\n\t\t\t<div class=\"elementor-image-carousel swiper-wrapper swiper-image-stretch\" aria-live=\"off\">\n\t\t\t\t\t\t\t\t<div class=\"swiper-slide\" role=\"group\" aria-roledescription=\"slide\" aria-label=\"1 sur 6\"><a data-elementor-open-lightbox=\"yes\" data-elementor-lightbox-slideshow=\"e1fc21d\" data-elementor-lightbox-title=\"Groupe United International\" data-e-action-hash=\"#elementor-action%3Aaction%3Dlightbox%26settings%3DeyJpZCI6MTg3MCwidXJsIjoiaHR0cHM6XC9cL3VpZC1lZy5jb21cL3dwLWNvbnRlbnRcL3VwbG9hZHNcLzIwMjZcLzA0XC8xLTEuanBnIiwic2xpZGVzaG93IjoiZTFmYzIxZCJ9\" href=\"https:\/\/uid-eg.com\/wp-content\/uploads\/2026\/04\/1-1.jpg\"><figure class=\"swiper-slide-inner\"><img decoding=\"async\" class=\"swiper-slide-image\" src=\"https:\/\/uid-eg.com\/wp-content\/uploads\/2026\/04\/1-1.jpg\" alt=\"Groupe United International\" \/><\/figure><\/a><\/div><div class=\"swiper-slide\" role=\"group\" aria-roledescription=\"slide\" aria-label=\"2 sur 6\"><a data-elementor-open-lightbox=\"yes\" data-elementor-lightbox-slideshow=\"e1fc21d\" data-elementor-lightbox-title=\"Groupe United International\" data-e-action-hash=\"#elementor-action%3Aaction%3Dlightbox%26settings%3DeyJpZCI6MTg3MSwidXJsIjoiaHR0cHM6XC9cL3VpZC1lZy5jb21cL3dwLWNvbnRlbnRcL3VwbG9hZHNcLzIwMjZcLzA0XC8yLmF2aWYiLCJzbGlkZXNob3ciOiJlMWZjMjFkIn0%3D\" href=\"https:\/\/uid-eg.com\/wp-content\/uploads\/2026\/04\/2.avif\"><figure class=\"swiper-slide-inner\"><img decoding=\"async\" class=\"swiper-slide-image\" src=\"https:\/\/uid-eg.com\/wp-content\/uploads\/2026\/04\/2.avif\" alt=\"Groupe United International\" \/><\/figure><\/a><\/div><div class=\"swiper-slide\" role=\"group\" aria-roledescription=\"slide\" aria-label=\"3 sur 6\"><a data-elementor-open-lightbox=\"yes\" data-elementor-lightbox-slideshow=\"e1fc21d\" data-elementor-lightbox-title=\"Groupe United International\" data-e-action-hash=\"#elementor-action%3Aaction%3Dlightbox%26settings%3DeyJpZCI6MTg3MiwidXJsIjoiaHR0cHM6XC9cL3VpZC1lZy5jb21cL3dwLWNvbnRlbnRcL3VwbG9hZHNcLzIwMjZcLzA0XC80LTEuanBnIiwic2xpZGVzaG93IjoiZTFmYzIxZCJ9\" href=\"https:\/\/uid-eg.com\/wp-content\/uploads\/2026\/04\/4-1.jpg\"><figure class=\"swiper-slide-inner\"><img decoding=\"async\" class=\"swiper-slide-image\" src=\"https:\/\/uid-eg.com\/wp-content\/uploads\/2026\/04\/4-1.jpg\" alt=\"Groupe United International\" \/><\/figure><\/a><\/div><div class=\"swiper-slide\" role=\"group\" aria-roledescription=\"slide\" aria-label=\"4 sur 6\"><a data-elementor-open-lightbox=\"yes\" data-elementor-lightbox-slideshow=\"e1fc21d\" data-elementor-lightbox-title=\"Groupe United International\" data-e-action-hash=\"#elementor-action%3Aaction%3Dlightbox%26settings%3DeyJpZCI6MTg3MywidXJsIjoiaHR0cHM6XC9cL3VpZC1lZy5jb21cL3dwLWNvbnRlbnRcL3VwbG9hZHNcLzIwMjZcLzA0XC81LmpwZyIsInNsaWRlc2hvdyI6ImUxZmMyMWQifQ%3D%3D\" href=\"https:\/\/uid-eg.com\/wp-content\/uploads\/2026\/04\/5.jpg\"><figure class=\"swiper-slide-inner\"><img decoding=\"async\" class=\"swiper-slide-image\" src=\"https:\/\/uid-eg.com\/wp-content\/uploads\/2026\/04\/5.jpg\" alt=\"Groupe United International\" \/><\/figure><\/a><\/div><div class=\"swiper-slide\" role=\"group\" aria-roledescription=\"slide\" aria-label=\"5 sur 6\"><a data-elementor-open-lightbox=\"yes\" data-elementor-lightbox-slideshow=\"e1fc21d\" data-elementor-lightbox-title=\"Groupe United International\" data-e-action-hash=\"#elementor-action%3Aaction%3Dlightbox%26settings%3DeyJpZCI6MTg3NCwidXJsIjoiaHR0cHM6XC9cL3VpZC1lZy5jb21cL3dwLWNvbnRlbnRcL3VwbG9hZHNcLzIwMjZcLzA0XC83LmpwZyIsInNsaWRlc2hvdyI6ImUxZmMyMWQifQ%3D%3D\" href=\"https:\/\/uid-eg.com\/wp-content\/uploads\/2026\/04\/7.jpg\"><figure class=\"swiper-slide-inner\"><img decoding=\"async\" class=\"swiper-slide-image\" src=\"https:\/\/uid-eg.com\/wp-content\/uploads\/2026\/04\/7.jpg\" alt=\"Groupe United International\" \/><\/figure><\/a><\/div><div class=\"swiper-slide\" role=\"group\" aria-roledescription=\"slide\" aria-label=\"6 sur 6\"><a data-elementor-open-lightbox=\"yes\" data-elementor-lightbox-slideshow=\"e1fc21d\" data-elementor-lightbox-title=\"Groupe United International\" data-e-action-hash=\"#elementor-action%3Aaction%3Dlightbox%26settings%3DeyJpZCI6MTg3NSwidXJsIjoiaHR0cHM6XC9cL3VpZC1lZy5jb21cL3dwLWNvbnRlbnRcL3VwbG9hZHNcLzIwMjZcLzA0XC82LmpwZyIsInNsaWRlc2hvdyI6ImUxZmMyMWQifQ%3D%3D\" href=\"https:\/\/uid-eg.com\/wp-content\/uploads\/2026\/04\/6.jpg\"><figure class=\"swiper-slide-inner\"><img decoding=\"async\" class=\"swiper-slide-image\" src=\"https:\/\/uid-eg.com\/wp-content\/uploads\/2026\/04\/6.jpg\" alt=\"Groupe United International\" \/><\/figure><\/a><\/div>\t\t\t<\/div>\n\t\t\t\t\t\t\t\t\t\t\t\t<div class=\"elementor-swiper-button elementor-swiper-button-prev\" role=\"button\" tabindex=\"0\">\n\t\t\t\t\t\t<i aria-hidden=\"true\" class=\"eicon-chevron-left\"><\/i>\t\t\t\t\t<\/div>\n\t\t\t\t\t<div class=\"elementor-swiper-button elementor-swiper-button-next\" role=\"button\" tabindex=\"0\">\n\t\t\t\t\t\t<i aria-hidden=\"true\" class=\"eicon-chevron-right\"><\/i>\t\t\t\t\t<\/div>\n\t\t\t\t\n\t\t\t\t\t\t\t\t\t<div class=\"swiper-pagination\"><\/div>\n\t\t\t\t\t\t\t\t\t<\/div>\n\t\t\t\t\t\t<\/div>\n\t\t\t\t<\/div>\n\t\t\t\t<\/div>\n\t\t\t\t\t<\/div>\n\t\t\t\t<\/div>\n\t\t\t\t<\/div>\n\t\t","protected":false},"excerpt":{"rendered":"<p>Cuisines Nous sommes sp\u00e9cialis\u00e9s dans la conception et la fabrication de cuisines modernes alliant \u00e9l\u00e9gance, fonctionnalit\u00e9 et optimisation intelligente de l\u2019espace. Nos cuisines sont con\u00e7ues avec soin afin d\u2019offrir un \u00e9quilibre parfait entre l\u2019esth\u00e9tique et la performance pratique, cr\u00e9ant des espaces \u00e0 la fois visuellement attrayants et hautement efficaces pour un usage quotidien. Toutes nos [&hellip;]<\/p>\n","protected":false},"author":1,"featured_media":0,"parent":0,"menu_order":0,"comment_status":"closed","ping_status":"closed","template":"","meta":{"site-sidebar-layout":"no-sidebar","site-content-layout":"page-builder","ast-site-content-layout":"full-width-container","site-content-style":"default","site-sidebar-style":"default","ast-global-header-display":"","ast-banner-title-visibility":"","ast-main-header-display":"","ast-hfb-above-header-display":"","ast-hfb-below-header-display":"","ast-hfb-mobile-header-display":"","site-post-title":"disabled","ast-breadcrumbs-content":"","ast-featured-img":"disabled","footer-sml-layout":"","ast-disable-related-posts":"","theme-transparent-header-meta":"","adv-header-id-meta":"","stick-header-meta":"","header-above-stick-meta":"","header-main-stick-meta":"","header-below-stick-meta":"","astra-migrate-meta-layouts":"default","ast-page-background-enabled":"default","ast-page-background-meta":{"desktop":{"background-color":"","background-image":"","background-repeat":"repeat","background-position":"center center","background-size":"auto","background-attachment":"scroll","background-type":"","background-media":"","overlay-type":"","overlay-color":"","overlay-opacity":"","overlay-gradient":""},"tablet":{"background-color":"","background-image":"","background-repeat":"repeat","background-position":"center center","background-size":"auto","background-attachment":"scroll","background-type":"","background-media":"","overlay-type":"","overlay-color":"","overlay-opacity":"","overlay-gradient":""},"mobile":{"background-color":"","background-image":"","background-repeat":"repeat","background-position":"center center","background-size":"auto","background-attachment":"scroll","background-type":"","background-media":"","overlay-type":"","overlay-color":"","overlay-opacity":"","overlay-gradient":""}},"ast-content-background-meta":{"desktop":{"background-color":"var(--ast-global-color-5)","background-image":"","background-repeat":"repeat","background-position":"center center","background-size":"auto","background-attachment":"scroll","background-type":"","background-media":"","overlay-type":"","overlay-color":"","overlay-opacity":"","overlay-gradient":""},"tablet":{"background-color":"var(--ast-global-color-5)","background-image":"","background-repeat":"repeat","background-position":"center center","background-size":"auto","background-attachment":"scroll","background-type":"","background-media":"","overlay-type":"","overlay-color":"","overlay-opacity":"","overlay-gradient":""},"mobile":{"background-color":"var(--ast-global-color-5)","background-image":"","background-repeat":"repeat","background-position":"center center","background-size":"auto","background-attachment":"scroll","background-type":"","background-media":"","overlay-type":"","overlay-color":"","overlay-opacity":"","overlay-gradient":""}},"footnotes":""},"class_list":["post-1876","page","type-page","status-publish","hentry"],"aioseo_notices":[],"_links":{"self":[{"href":"https:\/\/uid-eg.com\/fr\/wp-json\/wp\/v2\/pages\/1876","targetHints":{"allow":["GET"]}}],"collection":[{"href":"https:\/\/uid-eg.com\/fr\/wp-json\/wp\/v2\/pages"}],"about":[{"href":"https:\/\/uid-eg.com\/fr\/wp-json\/wp\/v2\/types\/page"}],"author":[{"embeddable":true,"href":"https:\/\/uid-eg.com\/fr\/wp-json\/wp\/v2\/users\/1"}],"replies":[{"embeddable":true,"href":"https:\/\/uid-eg.com\/fr\/wp-json\/wp\/v2\/comments?post=1876"}],"version-history":[{"count":1,"href":"https:\/\/uid-eg.com\/fr\/wp-json\/wp\/v2\/pages\/1876\/revisions"}],"predecessor-version":[{"id":1877,"href":"https:\/\/uid-eg.com\/fr\/wp-json\/wp\/v2\/pages\/1876\/revisions\/1877"}],"wp:attachment":[{"href":"https:\/\/uid-eg.com\/fr\/wp-json\/wp\/v2\/media?parent=1876"}],"curies":[{"name":"wp","href":"https:\/\/api.w.org\/{rel}","templated":true}]}}